{"id":326,"date":"2025-05-15T22:04:03","date_gmt":"2025-05-15T22:04:03","guid":{"rendered":"https:\/\/autopartsqualita.com\/inicio\/?page_id=326"},"modified":"2025-05-18T19:25:25","modified_gmt":"2025-05-18T19:25:25","slug":"nosotros","status":"publish","type":"page","link":"https:\/\/autopartsqualita.com\/inicio\/nosotros\/","title":{"rendered":"NOSOTROS"},"content":{"rendered":"\t\t<div data-elementor-type=\"wp-page\" data-elementor-id=\"326\" class=\"elementor elementor-326\" data-elementor-post-type=\"page\">\n\t\t\t\t<div class=\"elementor-element elementor-element-93f4bed e-flex e-con-boxed e-con e-parent\" data-id=\"93f4bed\" data-element_type=\"container\">\n\t\t\t\t\t<div class=\"e-con-inner\">\n\t\t<div class=\"elementor-element elementor-element-a739c23 e-con-full e-flex e-con e-child\" data-id=\"a739c23\" data-element_type=\"container\">\n\t\t\t\t<div class=\"elementor-element elementor-element-05b254b elementor-widget elementor-widget-heading\" data-id=\"05b254b\" data-element_type=\"widget\" data-widget_type=\"heading.default\">\n\t\t\t\t<div class=\"elementor-widget-container\">\n\t\t\t\t\t<h2 class=\"elementor-heading-title elementor-size-default\">NOSOTROS<\/h2>\t\t\t\t<\/div>\n\t\t\t\t<\/div>\n\t\t\t\t<\/div>\n\t\t\t\t<div class=\"elementor-element elementor-element-f60e9fc elementor-widget elementor-widget-text-editor\" data-id=\"f60e9fc\" data-element_type=\"widget\" data-widget_type=\"text-editor.default\">\n\t\t\t\t<div class=\"elementor-widget-container\">\n\t\t\t\t\t\t\t\t\t<p>Somos una empresa dedicada a la distribuci\u00f3n de conectores el\u00e9ctricos de alta calidad, con un enfoque especializado en el exigente sector automotriz. Nacimos con la clara convicci\u00f3n de proveer soluciones confiables y robustas que impulsen la eficiencia y seguridad en los sistemas el\u00e9ctricos vehiculares.<\/p><p><strong>Nuestra Misi\u00f3n:<\/strong><br \/>Ensamblar conectores el\u00e9ctricos de la m\u00e1s alta calidad, dise\u00f1ados espec\u00edficamente para satisfacer las rigurosas demandas del sector automotriz. Nos comprometemos a ofrecer la mayor variedad de modelos de conectores en el mercado, asegurando as\u00ed que nuestros clientes encuentren siempre la soluci\u00f3n perfecta para sus necesidades.<\/p><p><strong>Nuestra Visi\u00f3n:<\/strong><br \/>Consolidarnos como el mayorista l\u00edder de conectores el\u00e9ctricos a nivel de Latinoam\u00e9rica. Nos proyectamos fuertemente hacia la exportaci\u00f3n de nuestros productos, llevando la calidad y variedad que nos caracterizan a nuevos mercados internacionales y estableciendo un referente en la industria.<\/p>\t\t\t\t\t\t\t\t<\/div>\n\t\t\t\t<\/div>\n\t\t\t\t<div class=\"elementor-element elementor-element-1ff7191 elementor-widget elementor-widget-text-editor\" data-id=\"1ff7191\" data-element_type=\"widget\" data-widget_type=\"text-editor.default\">\n\t\t\t\t<div class=\"elementor-widget-container\">\n\t\t\t\t\t\t\t\t\t<p><strong>\u00bfQu\u00e9 nos diferencia?<\/strong><\/p><p><strong>Calidad Garantizada:<\/strong> Nuestro proceso de ensamblaje se rige por estrictos controles de calidad para asegurar la durabilidad y fiabilidad de cada conector que producimos.<\/p><p><strong>Amplio Cat\u00e1logo:<\/strong> Nos esforzamos por mantener un inventario diverso y en constante crecimiento, ofreciendo la mayor cantidad de modelos de conectores para cubrir unM amplio rango de aplicaciones automotrices.<\/p><p><strong>Proyecci\u00f3n Internacional:<\/strong> Si bien hoy somos un actor relevante a nivel local, nuestra visi\u00f3n de futuro nos impulsa a expandir nuestras operaciones y llevar nuestros productos a toda Latinoam\u00e9rica.<\/p><p><strong>Compromiso con el Sector Automotriz:<\/strong> Entendemos las necesidades espec\u00edficas de la industria automotriz y trabajamos continuamente para desarrollar y ofrecer productos que cumplan con los m\u00e1s altos est\u00e1ndares del sector.<\/p><p>En QUALIT\u00c1, no solo ensamblamos y distribuimos conectores; construimos conexiones confiables que mueven la industria automotriz. Te invitamos a conocer nuestro cat\u00e1logo y descubrir por qu\u00e9 somos tu mejor aliado estrat\u00e9gico en conectores el\u00e9ctricos automotrices.<\/p>\t\t\t\t\t\t\t\t<\/div>\n\t\t\t\t<\/div>\n\t\t\t\t<div class=\"elementor-element elementor-element-8ccb898 elementor-widget elementor-widget-image\" data-id=\"8ccb898\" data-element_type=\"widget\" data-widget_type=\"image.default\">\n\t\t\t\t<div class=\"elementor-widget-container\">\n\t\t\t\t\t\t\t\t\t\t\t\t\t\t\t<img fetchpriority=\"high\" decoding=\"async\" width=\"800\" height=\"183\" src=\"https:\/\/autopartsqualita.com\/wp-content\/uploads\/2025\/05\/Recurso-11213-1024x234.png\" class=\"attachment-large size-large wp-image-467\" alt=\"\" srcset=\"https:\/\/autopartsqualita.com\/wp-content\/uploads\/2025\/05\/Recurso-11213-1024x234.png 1024w, https:\/\/autopartsqualita.com\/wp-content\/uploads\/2025\/05\/Recurso-11213-300x68.png 300w, https:\/\/autopartsqualita.com\/wp-content\/uploads\/2025\/05\/Recurso-11213-768x175.png 768w, https:\/\/autopartsqualita.com\/wp-content\/uploads\/2025\/05\/Recurso-11213-1536x350.png 1536w, https:\/\/autopartsqualita.com\/wp-content\/uploads\/2025\/05\/Recurso-11213-2048x467.png 2048w, https:\/\/autopartsqualita.com\/wp-content\/uploads\/2025\/05\/Recurso-11213-1320x301.png 1320w, https:\/\/autopartsqualita.com\/wp-content\/uploads\/2025\/05\/Recurso-11213-600x137.png 600w\" sizes=\"(max-width: 800px) 100vw, 800px\" \/>\t\t\t\t\t\t\t\t\t\t\t\t\t\t\t<\/div>\n\t\t\t\t<\/div>\n\t\t\t\t\t<\/div>\n\t\t\t\t<\/div>\n\t\t\t\t<\/div>\n\t\t","protected":false},"excerpt":{"rendered":"<p>NOSOTROS Somos una empresa dedicada a la distribuci\u00f3n de conectores el\u00e9ctricos de alta calidad, con un enfoque especializado en el exigente sector automotriz. Nacimos con la clara convicci\u00f3n de proveer soluciones confiables y robustas que impulsen la eficiencia y seguridad en los sistemas el\u00e9ctricos vehiculares. Nuestra Misi\u00f3n:Ensamblar conectores el\u00e9ctricos de la m\u00e1s alta calidad, dise\u00f1ados [&hellip;]<\/p>\n","protected":false},"author":2,"featured_media":0,"parent":0,"menu_order":0,"comment_status":"closed","ping_status":"closed","template":"","meta":{"footnotes":""},"class_list":["post-326","page","type-page","status-publish","hentry"],"jetpack_sharing_enabled":true,"_links":{"self":[{"href":"https:\/\/autopartsqualita.com\/inicio\/wp-json\/wp\/v2\/pages\/326","targetHints":{"allow":["GET"]}}],"collection":[{"href":"https:\/\/autopartsqualita.com\/inicio\/wp-json\/wp\/v2\/pages"}],"about":[{"href":"https:\/\/autopartsqualita.com\/inicio\/wp-json\/wp\/v2\/types\/page"}],"author":[{"embeddable":true,"href":"https:\/\/autopartsqualita.com\/inicio\/wp-json\/wp\/v2\/users\/2"}],"replies":[{"embeddable":true,"href":"https:\/\/autopartsqualita.com\/inicio\/wp-json\/wp\/v2\/comments?post=326"}],"version-history":[{"count":0,"href":"https:\/\/autopartsqualita.com\/inicio\/wp-json\/wp\/v2\/pages\/326\/revisions"}],"wp:attachment":[{"href":"https:\/\/autopartsqualita.com\/inicio\/wp-json\/wp\/v2\/media?parent=326"}],"curies":[{"name":"wp","href":"https:\/\/api.w.org\/{rel}","templated":true}]}}